{"id":1645,"date":"2024-01-11T21:07:56","date_gmt":"2024-01-11T19:07:56","guid":{"rendered":"https:\/\/tuluspartio.fi\/?page_id=1645"},"modified":"2026-01-05T16:15:29","modified_gmt":"2026-01-05T14:15:29","slug":"toiminta","status":"publish","type":"page","link":"https:\/\/tuluspartio.fi\/?page_id=1645","title":{"rendered":"Toiminta"},"content":{"rendered":"\t\t<div data-elementor-type=\"wp-page\" data-elementor-id=\"1645\" class=\"elementor elementor-1645\">\n\t\t\t\t\t\t\t\t\t<section class=\"elementor-section elementor-top-section elementor-element elementor-element-24badff elementor-section-height-min-height elementor-section-boxed elementor-section-height-default elementor-section-items-middle\" data-id=\"24badff\" data-element_type=\"section\" data-settings=\"{&quot;background_background&quot;:&quot;classic&quot;}\">\n\t\t\t\t\t\t\t<div class=\"elementor-background-overlay\"><\/div>\n\t\t\t\t\t\t\t<div class=\"elementor-container elementor-column-gap-default\">\n\t\t\t\t\t<div class=\"elementor-column elementor-col-100 elementor-top-column elementor-element elementor-element-fe130c5\" data-id=\"fe130c5\" data-element_type=\"column\">\n\t\t\t<div class=\"elementor-widget-wrap elementor-element-populated\">\n\t\t\t\t\t\t\t\t<div class=\"elementor-element elementor-element-c5b7923 elementor-widget elementor-widget-heading\" data-id=\"c5b7923\" data-element_type=\"widget\" data-widget_type=\"heading.default\">\n\t\t\t\t<div class=\"elementor-widget-container\">\n\t\t\t<style>\/*! elementor - v3.17.0 - 25-10-2023 *\/\n.elementor-heading-title{padding:0;margin:0;line-height:1}.elementor-widget-heading .elementor-heading-title[class*=elementor-size-]>a{color:inherit;font-size:inherit;line-height:inherit}.elementor-widget-heading .elementor-heading-title.elementor-size-small{font-size:15px}.elementor-widget-heading .elementor-heading-title.elementor-size-medium{font-size:19px}.elementor-widget-heading .elementor-heading-title.elementor-size-large{font-size:29px}.elementor-widget-heading .elementor-heading-title.elementor-size-xl{font-size:39px}.elementor-widget-heading .elementor-heading-title.elementor-size-xxl{font-size:59px}<\/style><h1 class=\"elementor-heading-title elementor-size-default\">Toiminta<\/h1>\t\t<\/div>\n\t\t\t\t<\/div>\n\t\t\t\t\t<\/div>\n\t\t<\/div>\n\t\t\t\t\t\t\t<\/div>\n\t\t<\/section>\n\t\t\t\t<section class=\"elementor-section elementor-top-section elementor-element elementor-element-78b9c09 elementor-section-boxed elementor-section-height-default elementor-section-height-default\" data-id=\"78b9c09\" data-element_type=\"section\">\n\t\t\t\t\t\t<div class=\"elementor-container elementor-column-gap-default\">\n\t\t\t\t\t<div class=\"elementor-column elementor-col-100 elementor-top-column elementor-element elementor-element-8320a4f\" data-id=\"8320a4f\" data-element_type=\"column\">\n\t\t\t<div class=\"elementor-widget-wrap elementor-element-populated\">\n\t\t\t\t\t\t\t\t<div class=\"elementor-element elementor-element-a86864b elementor-widget elementor-widget-text-editor\" data-id=\"a86864b\" data-element_type=\"widget\" data-widget_type=\"text-editor.default\">\n\t\t\t\t<div class=\"elementor-widget-container\">\n\t\t\t<style>\/*! elementor - v3.17.0 - 25-10-2023 *\/\n.elementor-widget-text-editor.elementor-drop-cap-view-stacked .elementor-drop-cap{background-color:#69727d;color:#fff}.elementor-widget-text-editor.elementor-drop-cap-view-framed .elementor-drop-cap{color:#69727d;border:3px solid;background-color:transparent}.elementor-widget-text-editor:not(.elementor-drop-cap-view-default) .elementor-drop-cap{margin-top:8px}.elementor-widget-text-editor:not(.elementor-drop-cap-view-default) .elementor-drop-cap-letter{width:1em;height:1em}.elementor-widget-text-editor .elementor-drop-cap{float:left;text-align:center;line-height:1;font-size:50px}.elementor-widget-text-editor .elementor-drop-cap-letter{display:inline-block}<\/style>\t\t\t\t\t\t\t\t\t\t<\/div>\n\t\t\t\t<\/div>\n\t\t\t\t<div class=\"elementor-element elementor-element-2340492 elementor-widget elementor-widget-heading\" data-id=\"2340492\" data-element_type=\"widget\" data-widget_type=\"heading.default\">\n\t\t\t\t<div class=\"elementor-widget-container\">\n\t\t\t<h2 class=\"elementor-heading-title elementor-size-default\">Partiomaista tekemist\u00e4 laidasta laitaan<\/h2>\t\t<\/div>\n\t\t\t\t<\/div>\n\t\t\t\t<div class=\"elementor-element elementor-element-b796e88 elementor-widget-divider--view-line elementor-widget elementor-widget-divider\" data-id=\"b796e88\" data-element_type=\"widget\" data-widget_type=\"divider.default\">\n\t\t\t\t<div class=\"elementor-widget-container\">\n\t\t\t<style>\/*! elementor - v3.17.0 - 25-10-2023 *\/\n.elementor-widget-divider{--divider-border-style:none;--divider-border-width:1px;--divider-color:#0c0d0e;--divider-icon-size:20px;--divider-element-spacing:10px;--divider-pattern-height:24px;--divider-pattern-size:20px;--divider-pattern-url:none;--divider-pattern-repeat:repeat-x}.elementor-widget-divider .elementor-divider{display:flex}.elementor-widget-divider .elementor-divider__text{font-size:15px;line-height:1;max-width:95%}.elementor-widget-divider .elementor-divider__element{margin:0 var(--divider-element-spacing);flex-shrink:0}.elementor-widget-divider .elementor-icon{font-size:var(--divider-icon-size)}.elementor-widget-divider .elementor-divider-separator{display:flex;margin:0;direction:ltr}.elementor-widget-divider--view-line_icon .elementor-divider-separator,.elementor-widget-divider--view-line_text .elementor-divider-separator{align-items:center}.elementor-widget-divider--view-line_icon .elementor-divider-separator:after,.elementor-widget-divider--view-line_icon .elementor-divider-separator:before,.elementor-widget-divider--view-line_text .elementor-divider-separator:after,.elementor-widget-divider--view-line_text .elementor-divider-separator:before{display:block;content:\"\";border-bottom:0;flex-grow:1;border-top:var(--divider-border-width) var(--divider-border-style) var(--divider-color)}.elementor-widget-divider--element-align-left .elementor-divider .elementor-divider-separator>.elementor-divider__svg:first-of-type{flex-grow:0;flex-shrink:100}.elementor-widget-divider--element-align-left .elementor-divider-separator:before{content:none}.elementor-widget-divider--element-align-left .elementor-divider__element{margin-left:0}.elementor-widget-divider--element-align-right .elementor-divider .elementor-divider-separator>.elementor-divider__svg:last-of-type{flex-grow:0;flex-shrink:100}.elementor-widget-divider--element-align-right .elementor-divider-separator:after{content:none}.elementor-widget-divider--element-align-right .elementor-divider__element{margin-right:0}.elementor-widget-divider:not(.elementor-widget-divider--view-line_text):not(.elementor-widget-divider--view-line_icon) .elementor-divider-separator{border-top:var(--divider-border-width) var(--divider-border-style) var(--divider-color)}.elementor-widget-divider--separator-type-pattern{--divider-border-style:none}.elementor-widget-divider--separator-type-pattern.elementor-widget-divider--view-line .elementor-divider-separator,.elementor-widget-divider--separator-type-pattern:not(.elementor-widget-divider--view-line) .elementor-divider-separator:after,.elementor-widget-divider--separator-type-pattern:not(.elementor-widget-divider--view-line) .elementor-divider-separator:before,.elementor-widget-divider--separator-type-pattern:not([class*=elementor-widget-divider--view]) .elementor-divider-separator{width:100%;min-height:var(--divider-pattern-height);-webkit-mask-size:var(--divider-pattern-size) 100%;mask-size:var(--divider-pattern-size) 100%;-webkit-mask-repeat:var(--divider-pattern-repeat);mask-repeat:var(--divider-pattern-repeat);background-color:var(--divider-color);-webkit-mask-image:var(--divider-pattern-url);mask-image:var(--divider-pattern-url)}.elementor-widget-divider--no-spacing{--divider-pattern-size:auto}.elementor-widget-divider--bg-round{--divider-pattern-repeat:round}.rtl .elementor-widget-divider .elementor-divider__text{direction:rtl}.e-con-inner>.elementor-widget-divider,.e-con>.elementor-widget-divider{width:var(--container-widget-width,100%);--flex-grow:var(--container-widget-flex-grow)}<\/style>\t\t<div class=\"elementor-divider\">\n\t\t\t<span class=\"elementor-divider-separator\">\n\t\t\t\t\t\t<\/span>\n\t\t<\/div>\n\t\t\t\t<\/div>\n\t\t\t\t<\/div>\n\t\t\t\t<div class=\"elementor-element elementor-element-7867db1 elementor-widget elementor-widget-text-editor\" data-id=\"7867db1\" data-element_type=\"widget\" data-widget_type=\"text-editor.default\">\n\t\t\t\t<div class=\"elementor-widget-container\">\n\t\t\t\t\t\t\t<p><strong><span style=\"background-color: var(--ast-global-color-5); color: var(--ast-global-color-3); font-style: inherit;\">MIT\u00c4, MISS\u00c4, MILLOIN?<\/span><\/strong><\/p><p><span style=\"background-color: var(--ast-global-color-5); color: var(--ast-global-color-3); font-style: inherit; font-weight: inherit;\">K<\/span><span style=\"background-color: var(--ast-global-color-5); color: var(--ast-global-color-3); font-style: inherit; font-weight: inherit;\">okoonnumme s\u00e4\u00e4nn\u00f6llisesti joka toinen torstai: v<\/span><span style=\"background-color: var(--ast-global-color-5); color: var(--ast-global-color-3); font-size: 1rem;\">\u00e4lill\u00e4 meid\u00e4t l\u00f6yt\u00e4\u00e4 nuotion \u00e4\u00e4relt\u00e4 hiomasta er\u00e4taitojamme tai kisailemasta milloin mist\u00e4kin, kun taas joskus kokoonnumme kololle pirttip\u00f6yd\u00e4n \u00e4\u00e4reen k\u00e4sit\u00f6iden pariin tai ihan vaan pelailemaan lautapelej\u00e4.\u00a0<\/span><span style=\"white-space-collapse: preserve; background-color: var(--ast-global-color-5); color: var(--ast-global-color-3); font-size: 1rem;\">Kokoontumisten paikat ilmoitetaan erikseen, mutta sis\u00e4tiloissa ollessamme kokoonnumme yleens\u00e4 kololla Puijonlaaksossa, Kuopiossa. <\/span><span style=\"font-size: 1rem; font-style: inherit; font-weight: inherit; color: var(--ast-global-color-3); background-color: var(--ast-global-color-5);\">Kertojen j\u00e4rjest\u00e4misest\u00e4 vastaa aina vuorollaan yksi kolmesta vartiostamme, jotka vuonna 2026 ovat Marmeladiset Mammutit, Kaikkivoivat Karhut ja Kaihoisat Korpirouskut. <\/span><span style=\"font-size: 1rem; font-style: inherit; font-weight: inherit; color: var(--ast-global-color-3); background-color: var(--ast-global-color-5);\">Kaikista t\u00e4rkeint\u00e4 meille on, ett\u00e4 jokainen saa tulla mukaan juuri sellaisena kuin on, ja ett\u00e4 jokainen p\u00e4\u00e4see lippukunnassamme tekem\u00e4\u00e4n juuri omann\u00e4k\u00f6ist\u00e4\u00e4n partiotoimintaa!<\/span><\/p><p><span style=\"background-color: var(--ast-global-color-5); color: var(--ast-global-color-3); font-style: inherit; font-weight: inherit;\">\u00a0<\/span><\/p><p><span style=\"background-color: var(--ast-global-color-5); color: var(--ast-global-color-3); font-style: inherit; font-weight: inherit;\">S\u00e4\u00e4nn\u00f6llisten tapaamisten lis\u00e4ksi j\u00e4rjest\u00e4mme vaihtelevasti retki\u00e4 ja vaelluksia, kouluttaudumme, teemme yhteisty\u00f6t\u00e4 Kuopion alueen muiden lippukuntien kanssa ja osallistumme tapahtumiin, kuten partiotaitokisoihin.\u00a0<\/span><\/p><p><span style=\"background-color: var(--ast-global-color-5); color: var(--ast-global-color-3); font-style: inherit; font-weight: inherit;\">\u00a0<\/span><\/p><p><span style=\"background-color: var(--ast-global-color-5); color: var(--ast-global-color-3); font-style: inherit; font-weight: inherit;\">Lis\u00e4tietoa kokooontumisista ja tapahtumista l\u00f6ytyy\u00a0<a href=\"https:\/\/tuluspartio.fi\/?page_id=14\">Tapahtumat-v\u00e4lilehdelt\u00e4<\/a><\/span>\u00a0sek\u00e4 Instagramista @tuluspartio. Ilmoitamme kokoontumisista j\u00e4senist\u00f6lle Whatsapp-ryhm\u00e4n v\u00e4lityksell\u00e4.<\/p><p><span style=\"background-color: var(--ast-global-color-5); color: var(--ast-global-color-3); font-style: inherit; font-weight: inherit;\">\u00a0<\/span><\/p><p><strong><span style=\"background-color: var(--ast-global-color-5); color: var(--ast-global-color-3); font-style: inherit;\">KENELLE?<\/span><\/strong><\/p><p>Partion ik\u00e4kausista kohderyhmi\u00e4mme ovat vaeltajat (18-25-vuotiaat) sek\u00e4 sit\u00e4 vanhemmat aikuiset.<\/p><p><span style=\"background-color: var(--ast-global-color-5); color: var(--ast-global-color-3); font-style: inherit; font-weight: inherit;\">\u00a0<\/span><\/p><p style=\"font-size: 16px; font-style: normal; font-weight: 400;\"><span style=\"font-weight: bold;\"><span style=\"background-color: var(--ast-global-color-5); color: var(--ast-global-color-3); font-size: 1rem;\">PERHEPARTIO<\/span><\/span><\/p><p><span style=\"background-color: var(--ast-global-color-5); color: var(--ast-global-color-3);\">Tavoitteenamme on k\u00e4ynnist\u00e4\u00e4 my\u00f6s perhepartiotoiminta. Perhepartio on tarkoitettu alle kouluik\u00e4isille lapsille, ja toimintaan osallistutaan oman vanhemman, isovanhemman tai vaikkapa kummin kanssa. Voit lukea lis\u00e4\u00e4 perhepartiosta\u00a0<\/span><a href=\"https:\/\/www.partio.fi\/tule-mukaan\/perhepartio\/\">Suomen Partiolaisten nettisivuilta<\/a><span style=\"background-color: var(--ast-global-color-5); color: var(--ast-global-color-3);\">. Olethan yhteydess\u00e4, jos olisit kiinnostunut perhepartiotoiminnasta!<\/span><span style=\"background-color: var(--ast-global-color-5); color: var(--ast-global-color-3); font-style: inherit; font-weight: inherit;\">\u00a0<\/span><\/p><p><span style=\"background-color: var(--ast-global-color-5); color: var(--ast-global-color-3); font-style: inherit; font-weight: inherit;\">\u00a0<\/span><\/p><p><strong><span style=\"background-color: var(--ast-global-color-5); color: var(--ast-global-color-3); font-style: inherit;\">MIT\u00c4 ON PARTIO?<\/span><\/strong><\/p><p>Lis\u00e4\u00e4 yleistietoa partiotoiminnasta l\u00f6yd\u00e4t <a href=\"https:\/\/www.partio.fi\/tule-mukaan\/mita-partio-on\/\">Suomen Partiolaisten nettisivuilta<\/a><span style=\"background-color: var(--ast-global-color-5); color: var(--ast-global-color-3); font-size: 1rem;\">.<\/span><\/p>\t\t\t\t\t\t<\/div>\n\t\t\t\t<\/div>\n\t\t\t\t\t<\/div>\n\t\t<\/div>\n\t\t\t\t\t\t\t<\/div>\n\t\t<\/section>\n\t\t\t\t<section class=\"elementor-section elementor-top-section elementor-element elementor-element-5e6fddf elementor-section-boxed elementor-section-height-default elementor-section-height-default\" data-id=\"5e6fddf\" data-element_type=\"section\">\n\t\t\t\t\t\t<div class=\"elementor-container elementor-column-gap-default\">\n\t\t\t\t\t<div class=\"elementor-column elementor-col-50 elementor-top-column elementor-element elementor-element-ae515c6\" data-id=\"ae515c6\" data-element_type=\"column\">\n\t\t\t<div class=\"elementor-widget-wrap elementor-element-populated\">\n\t\t\t\t\t\t\t\t<div class=\"elementor-element elementor-element-7610a7f elementor-widget elementor-widget-image\" data-id=\"7610a7f\" data-element_type=\"widget\" data-widget_type=\"image.default\">\n\t\t\t\t<div class=\"elementor-widget-container\">\n\t\t\t<style>\/*! elementor - v3.17.0 - 25-10-2023 *\/\n.elementor-widget-image{text-align:center}.elementor-widget-image a{display:inline-block}.elementor-widget-image a img[src$=\".svg\"]{width:48px}.elementor-widget-image img{vertical-align:middle;display:inline-block}<\/style>\t\t\t\t\t\t\t\t\t\t\t\t<img loading=\"lazy\" decoding=\"async\" width=\"1024\" height=\"768\" src=\"https:\/\/tuluspartio.fi\/wp-content\/uploads\/2023\/10\/Sm-kisat-1024x768.jpg\" class=\"attachment-large size-large wp-image-1614\" alt=\"\" srcset=\"https:\/\/tuluspartio.fi\/wp-content\/uploads\/2023\/10\/Sm-kisat-1024x768.jpg 1024w, https:\/\/tuluspartio.fi\/wp-content\/uploads\/2023\/10\/Sm-kisat-300x225.jpg 300w, https:\/\/tuluspartio.fi\/wp-content\/uploads\/2023\/10\/Sm-kisat-768x576.jpg 768w, https:\/\/tuluspartio.fi\/wp-content\/uploads\/2023\/10\/Sm-kisat-1536x1152.jpg 1536w, https:\/\/tuluspartio.fi\/wp-content\/uploads\/2023\/10\/Sm-kisat.jpg 2000w\" sizes=\"auto, (max-width: 1024px) 100vw, 1024px\" \/>\t\t\t\t\t\t\t\t\t\t\t\t\t\t\t<\/div>\n\t\t\t\t<\/div>\n\t\t\t\t<div class=\"elementor-element elementor-element-66d206a elementor-widget elementor-widget-image\" data-id=\"66d206a\" data-element_type=\"widget\" data-widget_type=\"image.default\">\n\t\t\t\t<div class=\"elementor-widget-container\">\n\t\t\t\t\t\t\t\t\t\t\t\t\t\t\t<img loading=\"lazy\" decoding=\"async\" width=\"1024\" height=\"768\" src=\"https:\/\/tuluspartio.fi\/wp-content\/uploads\/2025\/04\/6797f52c-77c3-4d58-8f5b-c156ce46a463-1024x768.jpeg\" class=\"attachment-large size-large wp-image-1780\" alt=\"\" srcset=\"https:\/\/tuluspartio.fi\/wp-content\/uploads\/2025\/04\/6797f52c-77c3-4d58-8f5b-c156ce46a463-1024x768.jpeg 1024w, https:\/\/tuluspartio.fi\/wp-content\/uploads\/2025\/04\/6797f52c-77c3-4d58-8f5b-c156ce46a463-300x225.jpeg 300w, https:\/\/tuluspartio.fi\/wp-content\/uploads\/2025\/04\/6797f52c-77c3-4d58-8f5b-c156ce46a463-768x576.jpeg 768w, https:\/\/tuluspartio.fi\/wp-content\/uploads\/2025\/04\/6797f52c-77c3-4d58-8f5b-c156ce46a463-1536x1152.jpeg 1536w, https:\/\/tuluspartio.fi\/wp-content\/uploads\/2025\/04\/6797f52c-77c3-4d58-8f5b-c156ce46a463.jpeg 1600w\" sizes=\"auto, (max-width: 1024px) 100vw, 1024px\" \/>\t\t\t\t\t\t\t\t\t\t\t\t\t\t\t<\/div>\n\t\t\t\t<\/div>\n\t\t\t\t\t<\/div>\n\t\t<\/div>\n\t\t\t\t<div class=\"elementor-column elementor-col-50 elementor-top-column elementor-element elementor-element-c8c60fe\" data-id=\"c8c60fe\" data-element_type=\"column\">\n\t\t\t<div class=\"elementor-widget-wrap elementor-element-populated\">\n\t\t\t\t\t\t\t\t<div class=\"elementor-element elementor-element-e7b0342 elementor-widget elementor-widget-text-editor\" data-id=\"e7b0342\" data-element_type=\"widget\" data-widget_type=\"text-editor.default\">\n\t\t\t\t<div class=\"elementor-widget-container\">\n\t\t\t\t\t\t\t\t\t\t\t\t\t<\/div>\n\t\t\t\t<\/div>\n\t\t\t\t<div class=\"elementor-element elementor-element-d3fb1fb elementor-widget elementor-widget-text-editor\" data-id=\"d3fb1fb\" data-element_type=\"widget\" data-widget_type=\"text-editor.default\">\n\t\t\t\t<div class=\"elementor-widget-container\">\n\t\t\t\t\t\t\t\t\t\t\t\t\t<\/div>\n\t\t\t\t<\/div>\n\t\t\t\t<div class=\"elementor-element elementor-element-4bb7d7c elementor-widget elementor-widget-image\" data-id=\"4bb7d7c\" data-element_type=\"widget\" data-widget_type=\"image.default\">\n\t\t\t\t<div class=\"elementor-widget-container\">\n\t\t\t\t\t\t\t\t\t\t\t\t\t\t\t<img loading=\"lazy\" decoding=\"async\" width=\"768\" height=\"1024\" src=\"https:\/\/tuluspartio.fi\/wp-content\/uploads\/2023\/05\/20230220_182811-768x1024.jpg\" class=\"attachment-large size-large wp-image-1364\" alt=\"\" srcset=\"https:\/\/tuluspartio.fi\/wp-content\/uploads\/2023\/05\/20230220_182811-768x1024.jpg 768w, https:\/\/tuluspartio.fi\/wp-content\/uploads\/2023\/05\/20230220_182811-225x300.jpg 225w, https:\/\/tuluspartio.fi\/wp-content\/uploads\/2023\/05\/20230220_182811-1152x1536.jpg 1152w, https:\/\/tuluspartio.fi\/wp-content\/uploads\/2023\/05\/20230220_182811-1536x2048.jpg 1536w, https:\/\/tuluspartio.fi\/wp-content\/uploads\/2023\/05\/20230220_182811-scaled.jpg 1920w\" sizes=\"auto, (max-width: 768px) 100vw, 768px\" \/>\t\t\t\t\t\t\t\t\t\t\t\t\t\t\t<\/div>\n\t\t\t\t<\/div>\n\t\t\t\t\t<\/div>\n\t\t<\/div>\n\t\t\t\t\t\t\t<\/div>\n\t\t<\/section>\n\t\t\t\t\t\t\t<\/div>\n\t\t","protected":false},"excerpt":{"rendered":"<p>Toiminta Partiomaista tekemist\u00e4 laidasta laitaan MIT\u00c4, MISS\u00c4, MILLOIN? Kokoonnumme s\u00e4\u00e4nn\u00f6llisesti joka toinen torstai: v\u00e4lill\u00e4 meid\u00e4t l\u00f6yt\u00e4\u00e4 nuotion \u00e4\u00e4relt\u00e4 hiomasta er\u00e4taitojamme tai kisailemasta milloin mist\u00e4kin, kun taas joskus kokoonnumme kololle pirttip\u00f6yd\u00e4n \u00e4\u00e4reen k\u00e4sit\u00f6iden pariin tai ihan vaan pelailemaan lautapelej\u00e4.\u00a0Kokoontumisten paikat ilmoitetaan erikseen, mutta sis\u00e4tiloissa ollessamme kokoonnumme yleens\u00e4 kololla Puijonlaaksossa, Kuopiossa. Kertojen j\u00e4rjest\u00e4misest\u00e4 vastaa aina vuorollaan yksi &hellip;<\/p>\n<p class=\"read-more\"> <a class=\"\" href=\"https:\/\/tuluspartio.fi\/?page_id=1645\"> <span class=\"screen-reader-text\">Toiminta<\/span> Lue lis\u00e4\u00e4 &raquo;<\/a><\/p>\n","protected":false},"author":1,"featured_media":1613,"parent":0,"menu_order":0,"comment_status":"closed","ping_status":"closed","template":"","meta":{"site-sidebar-layout":"no-sidebar","site-content-layout":"page-builder","ast-site-content-layout":"full-width-container","site-content-style":"default","site-sidebar-style":"default","ast-global-header-display":"","ast-banner-title-visibility":"","ast-main-header-display":"","ast-hfb-above-header-display":"","ast-hfb-below-header-display":"","ast-hfb-mobile-header-display":"","site-post-title":"disabled","ast-breadcrumbs-content":"","ast-featured-img":"disabled","footer-sml-layout":"","theme-transparent-header-meta":"enabled","adv-header-id-meta":"","stick-header-meta":"","header-above-stick-meta":"","header-main-stick-meta":"","header-below-stick-meta":"","astra-migrate-meta-layouts":"set","ast-page-background-enabled":"default","ast-page-background-meta":{"desktop":{"background-color":"var(--ast-global-color-4)","background-image":"","background-repeat":"repeat","background-position":"center center","background-size":"auto","background-attachment":"scroll","background-type":"","background-media":"","overlay-type":"","overlay-color":"","overlay-gradient":""},"tablet":{"background-color":"","background-image":"","background-repeat":"repeat","background-position":"center center","background-size":"auto","background-attachment":"scroll","background-type":"","background-media":"","overlay-type":"","overlay-color":"","overlay-gradient":""},"mobile":{"background-color":"","background-image":"","background-repeat":"repeat","background-position":"center center","background-size":"auto","background-attachment":"scroll","background-type":"","background-media":"","overlay-type":"","overlay-color":"","overlay-gradient":""}},"ast-content-background-meta":{"desktop":{"background-color":"var(--ast-global-color-5)","background-image":"","background-repeat":"repeat","background-position":"center center","background-size":"auto","background-attachment":"scroll","background-type":"","background-media":"","overlay-type":"","overlay-color":"","overlay-gradient":""},"tablet":{"background-color":"var(--ast-global-color-5)","background-image":"","background-repeat":"repeat","background-position":"center center","background-size":"auto","background-attachment":"scroll","background-type":"","background-media":"","overlay-type":"","overlay-color":"","overlay-gradient":""},"mobile":{"background-color":"var(--ast-global-color-5)","background-image":"","background-repeat":"repeat","background-position":"center center","background-size":"auto","background-attachment":"scroll","background-type":"","background-media":"","overlay-type":"","overlay-color":"","overlay-gradient":""}},"footnotes":""},"class_list":["post-1645","page","type-page","status-publish","has-post-thumbnail","hentry"],"_links":{"self":[{"href":"https:\/\/tuluspartio.fi\/index.php?rest_route=\/wp\/v2\/pages\/1645","targetHints":{"allow":["GET"]}}],"collection":[{"href":"https:\/\/tuluspartio.fi\/index.php?rest_route=\/wp\/v2\/pages"}],"about":[{"href":"https:\/\/tuluspartio.fi\/index.php?rest_route=\/wp\/v2\/types\/page"}],"author":[{"embeddable":true,"href":"https:\/\/tuluspartio.fi\/index.php?rest_route=\/wp\/v2\/users\/1"}],"replies":[{"embeddable":true,"href":"https:\/\/tuluspartio.fi\/index.php?rest_route=%2Fwp%2Fv2%2Fcomments&post=1645"}],"version-history":[{"count":38,"href":"https:\/\/tuluspartio.fi\/index.php?rest_route=\/wp\/v2\/pages\/1645\/revisions"}],"predecessor-version":[{"id":1826,"href":"https:\/\/tuluspartio.fi\/index.php?rest_route=\/wp\/v2\/pages\/1645\/revisions\/1826"}],"wp:featuredmedia":[{"embeddable":true,"href":"https:\/\/tuluspartio.fi\/index.php?rest_route=\/wp\/v2\/media\/1613"}],"wp:attachment":[{"href":"https:\/\/tuluspartio.fi\/index.php?rest_route=%2Fwp%2Fv2%2Fmedia&parent=1645"}],"curies":[{"name":"wp","href":"https:\/\/api.w.org\/{rel}","templated":true}]}}